{"id":383,"date":"2025-09-05T15:19:19","date_gmt":"2025-09-05T15:19:19","guid":{"rendered":"https:\/\/glassyngaluminioycristal.com\/?page_id=383"},"modified":"2025-09-05T22:51:58","modified_gmt":"2025-09-05T22:51:58","slug":"comercial-y-corporativo","status":"publish","type":"page","link":"https:\/\/glassyngaluminioycristal.com\/?page_id=383","title":{"rendered":"Comercial"},"content":{"rendered":"\t\t<div data-elementor-type=\"wp-page\" data-elementor-id=\"383\" class=\"elementor elementor-383\" data-elementor-settings=\"{&quot;ha_cmc_init_switcher&quot;:&quot;no&quot;}\">\n\t\t\t\t\t\t<section class=\"elementor-section elementor-top-section elementor-element elementor-element-ff38ab8 elementor-section-full_width elementor-section-height-min-height elementor-section-stretched elementor-section-height-default elementor-section-items-middle\" data-id=\"ff38ab8\" data-element_type=\"section\" data-e-type=\"section\" data-settings=\"{&quot;background_background&quot;:&quot;classic&quot;,&quot;stretch_section&quot;:&quot;section-stretched&quot;,&quot;shape_divider_bottom&quot;:&quot;opacity-fan&quot;}\">\n\t\t\t\t\t\t\t<div class=\"elementor-background-overlay\"><\/div>\n\t\t\t\t\t\t<div class=\"elementor-shape elementor-shape-bottom\" aria-hidden=\"true\" data-negative=\"false\">\n\t\t\t<svg xmlns=\"http:\/\/www.w3.org\/2000\/svg\" viewBox=\"0 0 283.5 19.6\" preserveAspectRatio=\"none\">\n\t<path class=\"elementor-shape-fill\" style=\"opacity:0.33\" d=\"M0 0L0 18.8 141.8 4.1 283.5 18.8 283.5 0z\"\/>\n\t<path class=\"elementor-shape-fill\" style=\"opacity:0.33\" d=\"M0 0L0 12.6 141.8 4 283.5 12.6 283.5 0z\"\/>\n\t<path class=\"elementor-shape-fill\" style=\"opacity:0.33\" d=\"M0 0L0 6.4 141.8 4 283.5 6.4 283.5 0z\"\/>\n\t<path class=\"elementor-shape-fill\" d=\"M0 0L0 1.2 141.8 4 283.5 1.2 283.5 0z\"\/>\n<\/svg>\t\t<\/div>\n\t\t\t\t\t<div class=\"elementor-container elementor-column-gap-default\">\n\t\t\t\t\t<div class=\"elementor-column elementor-col-100 elementor-top-column elementor-element elementor-element-187d7d18\" data-id=\"187d7d18\" data-element_type=\"column\" data-e-type=\"column\">\n\t\t\t<div class=\"elementor-widget-wrap elementor-element-populated\">\n\t\t\t\t\t\t<section class=\"elementor-section elementor-inner-section elementor-element elementor-element-13cedcab elementor-section-boxed elementor-section-height-default elementor-section-height-default\" data-id=\"13cedcab\" data-element_type=\"section\" data-e-type=\"section\" data-settings=\"{&quot;_ha_eqh_enable&quot;:false}\">\n\t\t\t\t\t\t<div class=\"elementor-container elementor-column-gap-default\">\n\t\t\t\t\t<div class=\"elementor-column elementor-col-100 elementor-inner-column elementor-element elementor-element-17f792e5\" data-id=\"17f792e5\" data-element_type=\"column\" data-e-type=\"column\">\n\t\t\t<div class=\"elementor-widget-wrap elementor-element-populated\">\n\t\t\t\t\t\t<div class=\"elementor-element elementor-element-213a469 elementor-fixed elementor-widget__width-initial elementor-widget elementor-widget-ha-site-logo happy-addon ha-site-logo\" data-id=\"213a469\" data-element_type=\"widget\" data-e-type=\"widget\" data-settings=\"{&quot;_position&quot;:&quot;fixed&quot;}\" data-widget_type=\"ha-site-logo.default\">\n\t\t\t\t\t<a href=\"https:\/\/glassyngaluminioycristal.com\/\" class=\"custom-logo-link\" rel=\"home\"><img fetchpriority=\"high\" decoding=\"async\" width=\"2560\" height=\"1059\" src=\"https:\/\/glassyngaluminioycristal.com\/wp-content\/uploads\/2025\/09\/LOGO-TEMPLADO-scaled.png\" class=\"custom-logo\" alt=\"\" srcset=\"https:\/\/glassyngaluminioycristal.com\/wp-content\/uploads\/2025\/09\/LOGO-TEMPLADO-scaled.png 2560w, https:\/\/glassyngaluminioycristal.com\/wp-content\/uploads\/2025\/09\/LOGO-TEMPLADO-300x124.png 300w, https:\/\/glassyngaluminioycristal.com\/wp-content\/uploads\/2025\/09\/LOGO-TEMPLADO-1024x424.png 1024w, https:\/\/glassyngaluminioycristal.com\/wp-content\/uploads\/2025\/09\/LOGO-TEMPLADO-768x318.png 768w, https:\/\/glassyngaluminioycristal.com\/wp-content\/uploads\/2025\/09\/LOGO-TEMPLADO-1536x636.png 1536w, https:\/\/glassyngaluminioycristal.com\/wp-content\/uploads\/2025\/09\/LOGO-TEMPLADO-2048x847.png 2048w\" sizes=\"(max-width: 2560px) 100vw, 2560px\" \/><\/a>\t\t\t\t<\/div>\n\t\t\t\t<div class=\"elementor-element elementor-element-2024844d elementor-widget__width-initial elementor-widget-mobile__width-inherit elementor-widget elementor-widget-heading\" data-id=\"2024844d\" data-element_type=\"widget\" data-e-type=\"widget\" data-widget_type=\"heading.default\">\n\t\t\t\t\t<h3 class=\"elementor-heading-title elementor-size-default\">La mejor soluci\u00f3n en Aluminio y Cristal, hecha a tu medida<\/h3>\t\t\t\t<\/div>\n\t\t\t\t<div class=\"elementor-element elementor-element-2f8191c1 elementor-mobile-align-center elementor-align-left elementor-widget__width-initial elementor-widget elementor-widget-button\" data-id=\"2f8191c1\" data-element_type=\"widget\" data-e-type=\"widget\" data-widget_type=\"button.default\">\n\t\t\t\t\t\t\t\t\t\t<a class=\"elementor-button elementor-button-link elementor-size-lg\" href=\"https:\/\/wa.me\/5213321467156?text=Hola,%20necesito%20una%20cotizaci\u00f3n%20y%20me%20gustar\u00eda%20que%20me%20contactaran.\">\n\t\t\t\t\t\t<span class=\"elementor-button-content-wrapper\">\n\t\t\t\t\t\t\t\t\t<span class=\"elementor-button-text\">Solicitar cotizaci\u00f3n<\/span>\n\t\t\t\t\t<\/span>\n\t\t\t\t\t<\/a>\n\t\t\t\t\t\t\t\t<\/div>\n\t\t\t\t\t<\/div>\n\t\t<\/div>\n\t\t\t\t\t<\/div>\n\t\t<\/section>\n\t\t\t\t\t<\/div>\n\t\t<\/div>\n\t\t\t\t\t<\/div>\n\t\t<\/section>\n\t\t\t\t<section class=\"elementor-section elementor-top-section elementor-element elementor-element-452fa4c skt-glaziers-section-1 elementor-section-boxed elementor-section-height-default elementor-section-height-default\" data-id=\"452fa4c\" data-element_type=\"section\" data-e-type=\"section\" data-settings=\"{&quot;background_background&quot;:&quot;classic&quot;,&quot;_ha_eqh_enable&quot;:false}\">\n\t\t\t\t\t\t<div class=\"elementor-container elementor-column-gap-default\">\n\t\t\t\t\t<div class=\"elementor-column elementor-col-100 elementor-top-column elementor-element elementor-element-749d35a\" data-id=\"749d35a\" data-element_type=\"column\" data-e-type=\"column\">\n\t\t\t<div class=\"elementor-widget-wrap elementor-element-populated\">\n\t\t\t\t\t\t<div class=\"elementor-element elementor-element-2ca8caa5 elementor-widget elementor-widget-heading\" data-id=\"2ca8caa5\" data-element_type=\"widget\" data-e-type=\"widget\" data-widget_type=\"heading.default\">\n\t\t\t\t\t<h2 class=\"elementor-heading-title elementor-size-default\">Comercial<\/h2>\t\t\t\t<\/div>\n\t\t\t\t<div class=\"elementor-element elementor-element-a4154e9 ha-image-accordion-horizontal ha-image-accordion-click elementor-widget elementor-widget-ha-image-accordion happy-addon ha-image-accordion\" data-id=\"a4154e9\" data-element_type=\"widget\" data-e-type=\"widget\" data-widget_type=\"ha-image-accordion.default\">\n\t\t\t\t\t        <div class=\"ha-image-accordion-wrapper\">\n            <div class=\"ha-ia-container\">\n                <div class=\"ha-ia-gallery-wrap\">\n                                            <div style=\"background-image: url('https:\/\/glassyngaluminioycristal.com\/wp-content\/uploads\/2025\/09\/WhatsApp-Image-2025-09-05-at-12.23.47-PM.jpeg');\" class=\"ha-ia-item active\">\n                            <div class=\"ha-overlay\">\n                                <div class=\"ha-ia-content-wrapper ha_fadeInUp\">\n                                                                            <div class=\"ha-ia-actions\">\n                                                                                            <span class=\"ha-ia-popup\">\n                                                    <a href=\"https:\/\/glassyngaluminioycristal.com\/wp-content\/uploads\/2025\/09\/WhatsApp-Image-2025-09-05-at-12.23.47-PM.jpeg\" data-elementor-open-lightbox=\"yes\">\n                                                        <i class=\"hm hm-popup\"><\/i>                                                    <\/a>\n                                                <\/span>\n                                                                                                                                <\/div>\n                                                                                                            <div class=\"ha-ia-content-icon-title ha-ia-icon-left\">\n                                                                                <span class=\"ha-ia-content-title\"><\/span>\n                                    <\/div>\n                                                                                                        <\/div>\n                            <\/div>\n                        <\/div>\n                                            <div style=\"background-image: url('https:\/\/glassyngaluminioycristal.com\/wp-content\/uploads\/2025\/09\/WhatsApp-Image-2025-09-05-at-12.23.48-PM-1.jpeg');\" class=\"ha-ia-item \">\n                            <div class=\"ha-overlay\">\n                                <div class=\"ha-ia-content-wrapper ha_fadeInUp\">\n                                                                            <div class=\"ha-ia-actions\">\n                                                                                            <span class=\"ha-ia-popup\">\n                                                    <a href=\"https:\/\/glassyngaluminioycristal.com\/wp-content\/uploads\/2025\/09\/WhatsApp-Image-2025-09-05-at-12.23.48-PM-1.jpeg\" data-elementor-open-lightbox=\"yes\">\n                                                        <i class=\"hm hm-popup\"><\/i>                                                    <\/a>\n                                                <\/span>\n                                                                                                                                <\/div>\n                                                                                                            <div class=\"ha-ia-content-icon-title ha-ia-icon-left\">\n                                                                                <span class=\"ha-ia-content-title\"><\/span>\n                                    <\/div>\n                                                                                                        <\/div>\n                            <\/div>\n                        <\/div>\n                                            <div style=\"background-image: url('https:\/\/glassyngaluminioycristal.com\/wp-content\/uploads\/2025\/09\/WhatsApp-Image-2025-09-05-at-12.23.48-PM.jpeg');\" class=\"ha-ia-item \">\n                            <div class=\"ha-overlay\">\n                                <div class=\"ha-ia-content-wrapper ha_fadeInUp\">\n                                                                            <div class=\"ha-ia-actions\">\n                                                                                            <span class=\"ha-ia-popup\">\n                                                    <a href=\"https:\/\/glassyngaluminioycristal.com\/wp-content\/uploads\/2025\/09\/WhatsApp-Image-2025-09-05-at-12.23.48-PM.jpeg\" data-elementor-open-lightbox=\"yes\">\n                                                        <i class=\"hm hm-popup\"><\/i>                                                    <\/a>\n                                                <\/span>\n                                                                                                                                <\/div>\n                                                                                                            <div class=\"ha-ia-content-icon-title ha-ia-icon-left\">\n                                                                                <span class=\"ha-ia-content-title\"><\/span>\n                                    <\/div>\n                                                                                                        <\/div>\n                            <\/div>\n                        <\/div>\n                                            <div style=\"background-image: url('https:\/\/glassyngaluminioycristal.com\/wp-content\/uploads\/2025\/09\/WhatsApp-Image-2025-09-05-at-12.23.51-PM-2.jpeg');\" class=\"ha-ia-item \">\n                            <div class=\"ha-overlay\">\n                                <div class=\"ha-ia-content-wrapper ha_fadeInUp\">\n                                                                            <div class=\"ha-ia-actions\">\n                                                                                            <span class=\"ha-ia-popup\">\n                                                    <a href=\"https:\/\/glassyngaluminioycristal.com\/wp-content\/uploads\/2025\/09\/WhatsApp-Image-2025-09-05-at-12.23.51-PM-2.jpeg\" data-elementor-open-lightbox=\"yes\">\n                                                        <i class=\"hm hm-popup\"><\/i>                                                    <\/a>\n                                                <\/span>\n                                                                                                                                <\/div>\n                                                                                                            <div class=\"ha-ia-content-icon-title ha-ia-icon-left\">\n                                                                                <span class=\"ha-ia-content-title\"><\/span>\n                                    <\/div>\n                                                                                                        <\/div>\n                            <\/div>\n                        <\/div>\n                                    <\/div>\n            <\/div>\n        <\/div>\n\t\t\t\t<\/div>\n\t\t\t\t\t<\/div>\n\t\t<\/div>\n\t\t\t\t\t<\/div>\n\t\t<\/section>\n\t\t<div class=\"elementor-element elementor-element-755f2b6 e-flex e-con-boxed e-con e-parent\" data-id=\"755f2b6\" data-element_type=\"container\" data-e-type=\"container\" data-settings=\"{&quot;_ha_eqh_enable&quot;:false}\">\n\t\t\t\t\t<div class=\"e-con-inner\">\n\t\t\t\t<div class=\"elementor-element elementor-element-493927f elementor-widget elementor-widget-heading\" data-id=\"493927f\" data-element_type=\"widget\" data-e-type=\"widget\" data-widget_type=\"heading.default\">\n\t\t\t\t\t<h2 class=\"elementor-heading-title elementor-size-default\">Solicitar Cotizaci\u00f3n<\/h2>\t\t\t\t<\/div>\n\t\t\t\t<div class=\"elementor-element elementor-element-c34f841 elementor-widget__width-initial elementor-widget elementor-widget-shortcode\" data-id=\"c34f841\" data-element_type=\"widget\" data-e-type=\"widget\" data-widget_type=\"shortcode.default\">\n\t\t\t\t\t\t\t<div class=\"elementor-shortcode\">        <form class=\"cc-form\" method=\"post\">\n             <input type=\"hidden\" id=\"cc_nonce\" name=\"cc_nonce\" value=\"f9d3d49769\" \/><input type=\"hidden\" name=\"_wp_http_referer\" value=\"\/index.php?rest_route=%2Fwp%2Fv2%2Fpages%2F383\" \/>            <input type=\"hidden\" name=\"cc_action\" value=\"send\">\n            <div class=\"cc-row\"><label>Nombre <span class=\"cc-required\">*<\/span><\/label><input type=\"text\" name=\"cc_nombre\" required><\/div>\n            <div class=\"cc-row\"><label>Correo electr\u00f3nico <span class=\"cc-required\">*<\/span><\/label><input type=\"email\" name=\"cc_email\" required><\/div>\n            <div class=\"cc-row\"><label>Tel\u00e9fono<\/label><input type=\"text\" name=\"cc_telefono\" pattern=\"[0-9+\\\\-\\\\s()]{6,}\"><\/div>\n            <div class=\"cc-row\"><label>Servicio<\/label><input type=\"text\" name=\"cc_servicio\" placeholder=\"Ej. Ventanas de aluminio \/ Cristal templado\"><\/div>\n            <div class=\"cc-row\"><label>Mensaje <span class=\"cc-required\">*<\/span><\/label><textarea name=\"cc_mensaje\" rows=\"5\" required><\/textarea><\/div>\n            <div style=\"position:absolute; left:-9999px; top:-9999px;\" aria-hidden=\"true\"><label>Empresa<\/label><input type=\"text\" name=\"cc_empresa\" tabindex=\\\"-1\\\" autocomplete=\\\"off\\\"><\/div>\n                            <div class=\"cc-row\"><div class=\"g-recaptcha\" data-sitekey=\"6LcJ4c0rAAAAADsTYHImftvmh5NXvSHjXMfKnofQ\"><\/div><\/div>\n                        <div class=\"cc-row\"><button type=\"submit\" class=\"cc-btn\">Enviar solicitud<\/button><\/div>\n        <\/form>\n        <script>(function(){function getParam(n){return new URLSearchParams(window.location.search).get(n);} if(getParam('cc_ok')==='1'){ if(typeof gtag==='function'){ try{ gtag('event','conversion',{'send_to':'AW-17540121706\/wToXCKac1JkbEOqI5KtB'}); }catch(e){} } else { var t=0; var w=setInterval(function(){ if(typeof gtag==='function'){ clearInterval(w); try{ gtag('event','conversion',{'send_to':'AW-17540121706\/wToXCKac1JkbEOqI5KtB'});}catch(e){} } else if(t++>10){ clearInterval(w);} },500); } }})();<\/script><\/div>\n\t\t\t\t\t\t<\/div>\n\t\t\t\t<div class=\"elementor-element elementor-element-e94c334 elementor-shape-circle elementor-grid-0 e-grid-align-center elementor-widget elementor-widget-social-icons\" data-id=\"e94c334\" data-element_type=\"widget\" data-e-type=\"widget\" data-widget_type=\"social-icons.default\">\n\t\t\t\t\t\t\t<div class=\"elementor-social-icons-wrapper elementor-grid\">\n\t\t\t\t\t\t\t<span class=\"elementor-grid-item\">\n\t\t\t\t\t<a class=\"elementor-icon elementor-social-icon elementor-social-icon-facebook elementor-repeater-item-4335c05\" href=\"https:\/\/www.facebook.com\/profile.php?id=61579823197117\" target=\"_blank\">\n\t\t\t\t\t\t<span class=\"elementor-screen-only\">Facebook<\/span>\n\t\t\t\t\t\t<svg aria-hidden=\"true\" class=\"e-font-icon-svg e-fab-facebook\" viewBox=\"0 0 512 512\" xmlns=\"http:\/\/www.w3.org\/2000\/svg\"><path d=\"M504 256C504 119 393 8 256 8S8 119 8 256c0 123.78 90.69 226.38 209.25 245V327.69h-63V256h63v-54.64c0-62.15 37-96.48 93.67-96.48 27.14 0 55.52 4.84 55.52 4.84v61h-31.28c-30.8 0-40.41 19.12-40.41 38.73V256h68.78l-11 71.69h-57.78V501C413.31 482.38 504 379.78 504 256z\"><\/path><\/svg>\t\t\t\t\t<\/a>\n\t\t\t\t<\/span>\n\t\t\t\t\t<\/div>\n\t\t\t\t\t\t<\/div>\n\t\t\t\t\t<\/div>\n\t\t\t\t<\/div>\n\t\t\t\t<\/div>\n\t\t","protected":false},"excerpt":{"rendered":"<p>La mejor soluci\u00f3n en Aluminio y Cristal, hecha a tu medida Solicitar cotizaci\u00f3n Comercial Solicitar Cotizaci\u00f3n Facebook<\/p>\n","protected":false},"author":1,"featured_media":0,"parent":0,"menu_order":0,"comment_status":"closed","ping_status":"closed","template":"templates\/builder-fullwidth-std.php","meta":{"footnotes":""},"class_list":["post-383","page","type-page","status-publish","hentry"],"_links":{"self":[{"href":"https:\/\/glassyngaluminioycristal.com\/index.php?rest_route=\/wp\/v2\/pages\/383","targetHints":{"allow":["GET"]}}],"collection":[{"href":"https:\/\/glassyngaluminioycristal.com\/index.php?rest_route=\/wp\/v2\/pages"}],"about":[{"href":"https:\/\/glassyngaluminioycristal.com\/index.php?rest_route=\/wp\/v2\/types\/page"}],"author":[{"embeddable":true,"href":"https:\/\/glassyngaluminioycristal.com\/index.php?rest_route=\/wp\/v2\/users\/1"}],"replies":[{"embeddable":true,"href":"https:\/\/glassyngaluminioycristal.com\/index.php?rest_route=%2Fwp%2Fv2%2Fcomments&post=383"}],"version-history":[{"count":14,"href":"https:\/\/glassyngaluminioycristal.com\/index.php?rest_route=\/wp\/v2\/pages\/383\/revisions"}],"predecessor-version":[{"id":456,"href":"https:\/\/glassyngaluminioycristal.com\/index.php?rest_route=\/wp\/v2\/pages\/383\/revisions\/456"}],"wp:attachment":[{"href":"https:\/\/glassyngaluminioycristal.com\/index.php?rest_route=%2Fwp%2Fv2%2Fmedia&parent=383"}],"curies":[{"name":"wp","href":"https:\/\/api.w.org\/{rel}","templated":true}]}}